{"id":9,"date":"2016-09-30T11:37:58","date_gmt":"2016-09-30T11:37:58","guid":{"rendered":"http:\/\/mikkmurdvee.com\/new\/discography\/"},"modified":"2020-10-15T10:34:42","modified_gmt":"2020-10-15T10:34:42","slug":"discography","status":"publish","type":"page","link":"https:\/\/mikkmurdvee.com\/?page_id=9","title":{"rendered":"Discography"},"content":{"rendered":"<hr \/>\n<h4><a href=\"https:\/\/toccataclassics.com\/product\/kerem-orchestral-and-chamber-music\/\" target=\"_blank\" rel=\"noopener noreferrer\">Mihkel Kerem: Orchestral and Chamber Music<\/a><\/h4>\n<p>Symphony No. 3, Lamento\u00a0for solo viola and string orchestra, Sextet for Strings<\/p>\n<p><img loading=\"lazy\" decoding=\"async\" class=\"alignnone size-medium wp-image-104\" src=\"http:\/\/mikkmurdvee.com\/new\/wp-content\/uploads\/2016\/09\/81fjoWwHEXL._SL1433_-300x297.jpg\" alt=\"81fjowwhexl-_sl1433_\" width=\"300\" height=\"297\" srcset=\"https:\/\/mikkmurdvee.com\/new\/wp-content\/uploads\/2016\/09\/81fjoWwHEXL._SL1433_-300x297.jpg 300w, https:\/\/mikkmurdvee.com\/new\/wp-content\/uploads\/2016\/09\/81fjoWwHEXL._SL1433_-150x150.jpg 150w, https:\/\/mikkmurdvee.com\/new\/wp-content\/uploads\/2016\/09\/81fjoWwHEXL._SL1433_-768x760.jpg 768w, https:\/\/mikkmurdvee.com\/new\/wp-content\/uploads\/2016\/09\/81fjoWwHEXL._SL1433_-1024x1013.jpg 1024w, https:\/\/mikkmurdvee.com\/new\/wp-content\/uploads\/2016\/09\/81fjoWwHEXL._SL1433_.jpg 1213w\" sizes=\"auto, (max-width: 300px) 100vw, 300px\" \/><\/p>\n<p><em>Estonian National Symphony Orchestra, Tallinn Chamber Orchestra, Tallinn Ensemble<\/em><br \/><em> Mikk Murdvee, violin, viola, conductor<\/em><\/p>\n<hr \/>\n<h4><a href=\"https:\/\/toccataclassics.com\/product\/mielck-orchestral-and-choral-works\/\" target=\"_blank\" rel=\"noopener noreferrer\">Mielck: Orchestral and Choral Works<\/a><br \/>Ernst Mielck (1877-1899): Alkusoitot, kantaatit ja Suomalainen sarja<\/h4>\n<h3><img loading=\"lazy\" decoding=\"async\" class=\"alignnone size-medium wp-image-105\" src=\"http:\/\/mikkmurdvee.com\/new\/wp-content\/uploads\/2016\/09\/TOCC0174-jc-cover-300x298.jpg\" alt=\"tocc0174-jc-cover\" width=\"300\" height=\"298\" srcset=\"https:\/\/mikkmurdvee.com\/new\/wp-content\/uploads\/2016\/09\/TOCC0174-jc-cover-300x298.jpg 300w, https:\/\/mikkmurdvee.com\/new\/wp-content\/uploads\/2016\/09\/TOCC0174-jc-cover-150x150.jpg 150w, https:\/\/mikkmurdvee.com\/new\/wp-content\/uploads\/2016\/09\/TOCC0174-jc-cover-768x762.jpg 768w, https:\/\/mikkmurdvee.com\/new\/wp-content\/uploads\/2016\/09\/TOCC0174-jc-cover-1024x1016.jpg 1024w, https:\/\/mikkmurdvee.com\/new\/wp-content\/uploads\/2016\/09\/TOCC0174-jc-cover.jpg 1210w\" sizes=\"auto, (max-width: 300px) 100vw, 300px\" \/><\/h3>\n<p><em>Macbeth-alkusoitto, Dramaattinen alkusoitto, Vanha b\u00f6\u00f6mi\u00e4inen joululaulu, Varhaisgermaaninen Yule-juhla, Suomalainen sarja.<\/em><br \/><em> Ylioppilaskunnan Soittajat, Akademiska S\u00e5ngf\u00f6reningen, Akademiska Damk\u00f6ren Lyran, Kamarikuoro Kampin Laulu, Juha Kotilainen<\/em><br \/><em> Mikk Murdvee, kapellimestari<\/em><\/p>\n<hr \/>\n<p><img loading=\"lazy\" decoding=\"async\" class=\"alignnone size-medium wp-image-120\" src=\"http:\/\/mikkmurdvee.com\/new\/wp-content\/uploads\/2016\/09\/CD-esikaas-vol-2-kopio-300x269.jpg\" alt=\"cd-esikaas-vol-2-kopio\" width=\"300\" height=\"269\" srcset=\"https:\/\/mikkmurdvee.com\/new\/wp-content\/uploads\/2016\/09\/CD-esikaas-vol-2-kopio-300x269.jpg 300w, https:\/\/mikkmurdvee.com\/new\/wp-content\/uploads\/2016\/09\/CD-esikaas-vol-2-kopio.jpg 395w\" sizes=\"auto, (max-width: 300px) 100vw, 300px\" \/><\/p>\n<p>New Estonian music written for young soloists and orchestra.<br \/>Soloists from Tallinn Music High School<br \/>Tallinn Chamber Orchestra<br \/>Mikk Murdvee, cond.<\/p>\n<hr \/>\n<p><img loading=\"lazy\" decoding=\"async\" class=\"alignnone size-medium wp-image-121\" src=\"http:\/\/mikkmurdvee.com\/new\/wp-content\/uploads\/2016\/09\/CD_booklet_12-1-1-kopio-300x300.jpg\" alt=\"cd_booklet_12-1-1-kopio\" width=\"300\" height=\"300\" srcset=\"https:\/\/mikkmurdvee.com\/new\/wp-content\/uploads\/2016\/09\/CD_booklet_12-1-1-kopio-300x300.jpg 300w, https:\/\/mikkmurdvee.com\/new\/wp-content\/uploads\/2016\/09\/CD_booklet_12-1-1-kopio-150x150.jpg 150w, https:\/\/mikkmurdvee.com\/new\/wp-content\/uploads\/2016\/09\/CD_booklet_12-1-1-kopio.jpg 354w\" sizes=\"auto, (max-width: 300px) 100vw, 300px\" \/><\/p>\n<p>New Estonian music written for young soloists and orchestra.<br \/>Soloists from Tallinn Music High School<br \/>Tallinn Chamber Orchestra<br \/>Mikk Murdvee, cond.<\/p>\n<hr \/>\n<h4><a href=\"https:\/\/toccataclassics.com\/product\/kerem-violin-sonatas\/\">Kerem: Violin Sonatas, Solo Violin Sonata<\/a><br \/>TOCC0140 Mihkel Kerem (1981-): Violin sonatas 1-3, Solo violin sonata.<\/h4>\n<p><img loading=\"lazy\" decoding=\"async\" class=\"alignnone size-medium wp-image-102\" src=\"http:\/\/mikkmurdvee.com\/new\/wp-content\/uploads\/2016\/09\/TOCC0140-jc-cover-300x298.jpg\" alt=\"tocc0140-jc-cover\" width=\"300\" height=\"298\" srcset=\"https:\/\/mikkmurdvee.com\/new\/wp-content\/uploads\/2016\/09\/TOCC0140-jc-cover-300x298.jpg 300w, https:\/\/mikkmurdvee.com\/new\/wp-content\/uploads\/2016\/09\/TOCC0140-jc-cover-150x150.jpg 150w, https:\/\/mikkmurdvee.com\/new\/wp-content\/uploads\/2016\/09\/TOCC0140-jc-cover-768x762.jpg 768w, https:\/\/mikkmurdvee.com\/new\/wp-content\/uploads\/2016\/09\/TOCC0140-jc-cover-1024x1016.jpg 1024w, https:\/\/mikkmurdvee.com\/new\/wp-content\/uploads\/2016\/09\/TOCC0140-jc-cover.jpg 1210w\" sizes=\"auto, (max-width: 300px) 100vw, 300px\" \/><\/p>\n<p><em>Mikk Murdvee, violin; Sten Lassmann, piano<\/em><\/p>\n<hr \/>\n<h4><a href=\"https:\/\/open.spotify.com\/album\/1ejOeg8RqPf1jlvfeF0tCv?si=EkvjjA3iTzGa07ISoFKjlA\">Jonas Tarm: &#8220;There Was a Beginning&#8221;\u00a0<\/a><br \/>Soundtrack for film by Mida Chu<\/h4>\n<p>Estonian National Symphony Orchestra<br \/>Mikk Murdvee, conductor<\/p>\n<p><img loading=\"lazy\" decoding=\"async\" class=\"alignnone size-medium wp-image-329\" src=\"http:\/\/mikkmurdvee.com\/new\/wp-content\/uploads\/2020\/02\/81142506_2822443191150723_1411860616116699136_o-300x300.jpg\" alt=\"\" width=\"300\" height=\"300\" srcset=\"https:\/\/mikkmurdvee.com\/new\/wp-content\/uploads\/2020\/02\/81142506_2822443191150723_1411860616116699136_o-300x300.jpg 300w, https:\/\/mikkmurdvee.com\/new\/wp-content\/uploads\/2020\/02\/81142506_2822443191150723_1411860616116699136_o-150x150.jpg 150w, https:\/\/mikkmurdvee.com\/new\/wp-content\/uploads\/2020\/02\/81142506_2822443191150723_1411860616116699136_o-768x768.jpg 768w, https:\/\/mikkmurdvee.com\/new\/wp-content\/uploads\/2020\/02\/81142506_2822443191150723_1411860616116699136_o.jpg 1000w\" sizes=\"auto, (max-width: 300px) 100vw, 300px\" \/><\/p>\n<hr \/>\n<h3><a href=\"https:\/\/laulumiehet.fi\/julkaisut\/aanitteet\/\"><strong>Suomessa Syntynyt<\/strong><\/a><\/h3>\n<p>Finnish music for male choir and symphony orchestra<\/p>\n<p><img loading=\"lazy\" decoding=\"async\" class=\"size-medium wp-image-336\" src=\"http:\/\/mikkmurdvee.com\/new\/wp-content\/uploads\/2020\/10\/SuomessaSyntynytKansi_2D-300x300.jpg\" alt=\"Suomessa Syntynyt\" width=\"300\" height=\"300\" srcset=\"https:\/\/mikkmurdvee.com\/new\/wp-content\/uploads\/2020\/10\/SuomessaSyntynytKansi_2D-300x300.jpg 300w, https:\/\/mikkmurdvee.com\/new\/wp-content\/uploads\/2020\/10\/SuomessaSyntynytKansi_2D-1024x1024.jpg 1024w, https:\/\/mikkmurdvee.com\/new\/wp-content\/uploads\/2020\/10\/SuomessaSyntynytKansi_2D-150x150.jpg 150w, https:\/\/mikkmurdvee.com\/new\/wp-content\/uploads\/2020\/10\/SuomessaSyntynytKansi_2D-768x768.jpg 768w, https:\/\/mikkmurdvee.com\/new\/wp-content\/uploads\/2020\/10\/SuomessaSyntynytKansi_2D.jpg 1200w\" sizes=\"auto, (max-width: 300px) 100vw, 300px\" \/><\/p>\n<p>cond. Matti Hy\u00f6kki \/ Laulu-Miehet <br data-rich-text-line-break=\"true\" \/>cond. Mikk Murdvee \/ Ylioppilaskunnan Soittajat<br data-rich-text-line-break=\"true\" \/>Sol.:Jaakko Kortekangas<\/p>\n\n\n<p><\/p>\n\n\n\n<p><\/p>\n","protected":false},"excerpt":{"rendered":"<p>Mihkel Kerem: Orchestral and Chamber Music Symphony No. 3, Lamento\u00a0for solo viola and string orchestra, Sextet for Strings Estonian National Symphony Orchestra, Tallinn Chamber Orchestra, Tallinn Ensemble Mikk Murdvee, violin, viola, conductor Mielck: Orchestral and Choral WorksErnst Mielck (1877-1899): Alkusoitot, kantaatit ja Suomalainen sarja Macbeth-alkusoitto, Dramaattinen alkusoitto, Vanha b\u00f6\u00f6mi\u00e4inen joululaulu, Varhaisgermaaninen Yule-juhla, Suomalainen sarja. Ylioppilaskunnan [&hellip;]<\/p>\n","protected":false},"author":1,"featured_media":0,"parent":0,"menu_order":6,"comment_status":"closed","ping_status":"closed","template":"","meta":{"footnotes":""},"class_list":["post-9","page","type-page","status-publish","hentry"],"_links":{"self":[{"href":"https:\/\/mikkmurdvee.com\/index.php?rest_route=\/wp\/v2\/pages\/9","targetHints":{"allow":["GET"]}}],"collection":[{"href":"https:\/\/mikkmurdvee.com\/index.php?rest_route=\/wp\/v2\/pages"}],"about":[{"href":"https:\/\/mikkmurdvee.com\/index.php?rest_route=\/wp\/v2\/types\/page"}],"author":[{"embeddable":true,"href":"https:\/\/mikkmurdvee.com\/index.php?rest_route=\/wp\/v2\/users\/1"}],"replies":[{"embeddable":true,"href":"https:\/\/mikkmurdvee.com\/index.php?rest_route=%2Fwp%2Fv2%2Fcomments&post=9"}],"version-history":[{"count":11,"href":"https:\/\/mikkmurdvee.com\/index.php?rest_route=\/wp\/v2\/pages\/9\/revisions"}],"predecessor-version":[{"id":337,"href":"https:\/\/mikkmurdvee.com\/index.php?rest_route=\/wp\/v2\/pages\/9\/revisions\/337"}],"wp:attachment":[{"href":"https:\/\/mikkmurdvee.com\/index.php?rest_route=%2Fwp%2Fv2%2Fmedia&parent=9"}],"curies":[{"name":"wp","href":"https:\/\/api.w.org\/{rel}","templated":true}]}}